{"id":468,"date":"2022-12-26T14:49:58","date_gmt":"2022-12-26T13:49:58","guid":{"rendered":"https:\/\/www.mobiles-internet-spanien.de\/?post_type=product&#038;p=468"},"modified":"2023-03-14T12:23:45","modified_gmt":"2023-03-14T11:23:45","slug":"togo40-mit-40gb-28-tage-aktiv","status":"publish","type":"product","link":"https:\/\/www.mobiles-internet-spanien.de\/en\/produkt\/togo40-mit-40gb-28-tage-aktiv\/","title":{"rendered":"ToGo50 mit 50GB &#8211; 28 Tage aktiv"},"content":{"rendered":"<p>Diese Prepaid-Daten-SIM Karte ist eine reine Einwegkarte mit 50GB Downloadvolumen im 4GLTE &amp; 5G Netz. Also einfach einlegen, und nach automatischer Anmeldung einfach die n\u00e4chsten 28 Tage schnell im Internet surfen.<\/p>\n<p>Geeignet f\u00fcr alle internetf\u00e4higen Endger\u00e4te wie Smartphone, Tablet oder mobilen Router.<\/p>\n<p><strong>Lieferzeit:<\/strong><br \/>\nnach Anfrage<\/p>\n<p><strong>Gr\u00f6\u00dfere Datenmenge auf Anfrage via E-Mail oder WhatsApp<\/strong><\/p>\n","protected":false},"excerpt":{"rendered":"<p>Diese Prepaid-Daten-SIM Karte ist eine reine Einwegkarte mit 50GB Downloadvolumen im 4GLTE &amp; 5G Netz. Also einfach einlegen, und nach automatischer Anmeldung einfach die n\u00e4chsten 28 Tage schnell im Internet surfen. Geeignet f\u00fcr alle internetf\u00e4higen Endger\u00e4te wie Smartphone, Tablet oder &hellip; <a href=\"https:\/\/www.mobiles-internet-spanien.de\/en\/produkt\/togo40-mit-40gb-28-tage-aktiv\/\">Continued<\/a><\/p>\n","protected":false},"featured_media":497,"comment_status":"closed","ping_status":"closed","template":"","meta":[],"product_brand":[],"product_cat":[37,43],"product_tag":[],"class_list":{"0":"post-468","1":"product","2":"type-product","3":"status-publish","4":"has-post-thumbnail","6":"product_cat-sim-card-en","7":"product_cat-top-en","9":"first","10":"instock","11":"taxable","12":"shipping-taxable","13":"purchasable","14":"product-type-variable"},"_links":{"self":[{"href":"https:\/\/www.mobiles-internet-spanien.de\/en\/wp-json\/wp\/v2\/product\/468","targetHints":{"allow":["GET"]}}],"collection":[{"href":"https:\/\/www.mobiles-internet-spanien.de\/en\/wp-json\/wp\/v2\/product"}],"about":[{"href":"https:\/\/www.mobiles-internet-spanien.de\/en\/wp-json\/wp\/v2\/types\/product"}],"replies":[{"embeddable":true,"href":"https:\/\/www.mobiles-internet-spanien.de\/en\/wp-json\/wp\/v2\/comments?post=468"}],"wp:featuredmedia":[{"embeddable":true,"href":"https:\/\/www.mobiles-internet-spanien.de\/en\/wp-json\/wp\/v2\/media\/497"}],"wp:attachment":[{"href":"https:\/\/www.mobiles-internet-spanien.de\/en\/wp-json\/wp\/v2\/media?parent=468"}],"wp:term":[{"taxonomy":"product_brand","embeddable":true,"href":"https:\/\/www.mobiles-internet-spanien.de\/en\/wp-json\/wp\/v2\/product_brand?post=468"},{"taxonomy":"product_cat","embeddable":true,"href":"https:\/\/www.mobiles-internet-spanien.de\/en\/wp-json\/wp\/v2\/product_cat?post=468"},{"taxonomy":"product_tag","embeddable":true,"href":"https:\/\/www.mobiles-internet-spanien.de\/en\/wp-json\/wp\/v2\/product_tag?post=468"}],"curies":[{"name":"wp","href":"https:\/\/api.w.org\/{rel}","templated":true}]}}